{"id":216,"date":"2017-07-15T14:18:15","date_gmt":"2017-07-15T14:18:15","guid":{"rendered":"http:\/\/groundup.cdu.edu.au\/?page_id=216"},"modified":"2017-07-15T14:56:45","modified_gmt":"2017-07-15T14:56:45","slug":"milingimbi-water-djaka-gapuwu-namathan-care-properly-for-our-water","status":"publish","type":"page","link":"https:\/\/groundup.cdu.edu.au\/index.php\/milingimbi-water-djaka-gapuwu-namathan-care-properly-for-our-water\/","title":{"rendered":"Milingimbi Water: Dj\u00e4ka gapuwu \u014bamatha\u014b &#8211; Care properly for our water"},"content":{"rendered":"<p><b>Funding:<\/b> Power Water<br \/>\n<b>Duration:<\/b> 2009 -2010<br \/>\n<b>Location:<\/b> Milingimbi and Darwin<\/p>\n<p><b>Summary<\/b><\/p>\n<p>Power Water Community engagement project<\/p>\n<ul class=\"bul\">\n<li>Designing and facilitating a collaborative project to improve engagement within Milingimbi community over issues of water management.<\/li>\n<li>A best practice example of community consultation and community engagement\/ empowerment\/capacity building in regard to management of resources.<\/li>\n<\/ul>\n<hr \/>\n<div class=\"photoR\">\n<p><img decoding=\"async\" src=\"https:\/\/groundup.cdu.edu.au\/images\/pw\/pwPoster.jpg\" \/><\/p>\n<\/div>\n<p>In 2009, the NT Power and Water Corporation approached the Yol\u014bu Aboriginal Consultancy Initiative at Charles Darwin University to propose a collaborative project to examine and improve engagement with Milingimbi community over issues of water management. The project was also envisioned as a best practice example of community consultation and engagement that could be used as a model in other communities to support the roll out of the Power and Water Community Water Planning Initiative.<\/p>\n<p>In preliminary meetings with representatives from Power and Water, East Arnhem Shire, and Territory Housing, we decided upon a community consultation in which two sides of the water story would be told \u2013 the Yol\u014bu side, and the Power and Water side. We proposed that the community story telling process would lead to discussions about ways forward with community engagement around water management. Posters and leaflets illustrating some of the Power and Water story were prepared in consultation with Power and Water.<\/p>\n<p>Other resources that were used during the consultations included; bore reports, maps, satellite images and Power and Water publications. Consultations were held at Milingimbi over four days. Visits were made to people\u2019s homes, to government agencies, and to significant sites around the island including the bores and tanks. People talked about Yol\u014bu traditional knowledge of water, and the history of water since before the mission days. They talked about their understanding of contemporary water technology and use, how water should be cared for, and how Yol\u014bu are, and could be involved in water management. The project was completed in 2010.<\/p>\n<p><a href=\"https:\/\/groundup.cdu.edu.au\/cdu.edu.au\/yaci\"><span style=\"text-decoration: underline;\">View full documentation of the project<\/span><\/a><\/p>\n","protected":false},"excerpt":{"rendered":"<p>Funding: Power Water Duration: 2009 -2010 Location: Milingimbi and Darwin Summary Power Water Community engagement project Designing and facilitating a collaborative project to improve engagement within Milingimbi community over issues of water management. A best practice example of community consultation and community engagement\/ empowerment\/capacity building in regard to management of resources. In 2009, the NT [&hellip;]<\/p>\n","protected":false},"author":2,"featured_media":0,"parent":0,"menu_order":0,"comment_status":"closed","ping_status":"closed","template":"","meta":{"footnotes":"","_links_to":"","_links_to_target":""},"class_list":["post-216","page","type-page","status-publish","hentry"],"_links":{"self":[{"href":"https:\/\/groundup.cdu.edu.au\/index.php\/wp-json\/wp\/v2\/pages\/216","targetHints":{"allow":["GET"]}}],"collection":[{"href":"https:\/\/groundup.cdu.edu.au\/index.php\/wp-json\/wp\/v2\/pages"}],"about":[{"href":"https:\/\/groundup.cdu.edu.au\/index.php\/wp-json\/wp\/v2\/types\/page"}],"author":[{"embeddable":true,"href":"https:\/\/groundup.cdu.edu.au\/index.php\/wp-json\/wp\/v2\/users\/2"}],"replies":[{"embeddable":true,"href":"https:\/\/groundup.cdu.edu.au\/index.php\/wp-json\/wp\/v2\/comments?post=216"}],"version-history":[{"count":3,"href":"https:\/\/groundup.cdu.edu.au\/index.php\/wp-json\/wp\/v2\/pages\/216\/revisions"}],"predecessor-version":[{"id":267,"href":"https:\/\/groundup.cdu.edu.au\/index.php\/wp-json\/wp\/v2\/pages\/216\/revisions\/267"}],"wp:attachment":[{"href":"https:\/\/groundup.cdu.edu.au\/index.php\/wp-json\/wp\/v2\/media?parent=216"}],"curies":[{"name":"wp","href":"https:\/\/api.w.org\/{rel}","templated":true}]}}